{"id":141,"date":"2019-10-10T13:26:57","date_gmt":"2019-10-10T11:26:57","guid":{"rendered":"https:\/\/bmg-langer.de\/cmsV3\/?page_id=141"},"modified":"2023-03-06T13:24:03","modified_gmt":"2023-03-06T12:24:03","slug":"angebote","status":"publish","type":"page","link":"https:\/\/bmg-langer.de\/cmsV3\/?page_id=141","title":{"rendered":"Angebote"},"content":{"rendered":"\n<h2 class=\"wp-block-heading\">Angebote<\/h2>\n\n\n\n<img decoding=\"async\" src=\"wp-content\/uploads\/start\/start-angebote.jpg\" usemap=\"#angebote\" id=\"Angebote\">\n\n<map name=\"angebote\">\n  <area shape=\"rect\" coords=\"250,50,444,270\" href=\"#a1\" onmouseover=\"document.all.Angebote.src='wp-content\/uploads\/start\/start-angebote_1_over.jpg';\" onmouseout=\"document.all.Angebote.src='wp-content\/uploads\/start\/start-angebote.jpg';\">\n\n\n\n  <area shape=\"rect\" coords=\"444,50,650,270\" href=\"#a2\" onmouseover=\"document.all.Angebote.src='wp-content\/uploads\/start\/start-angebote_2_over.jpg';\" onmouseout=\"document.all.Angebote.src='wp-content\/uploads\/start\/start-angebote.jpg';\">\n\n\n  <area shape=\"rect\" coords=\"650,50,850,270\" href=\"#a3\" onmouseover=\"document.all.Angebote.src='wp-content\/uploads\/start\/start-angebote_3_over.jpg';\" onmouseout=\"document.all.Angebote.src='wp-content\/uploads\/start\/start-angebote.jpg';\">\n\n\n  <area shape=\"rect\" coords=\"850,50,1050,270\" href=\"#a4\" onmouseover=\"document.all.Angebote.src='wp-content\/uploads\/start\/start-angebote_4_over.jpg';\" onmouseout=\"document.all.Angebote.src='wp-content\/uploads\/start\/start-angebote.jpg';\">\n<\/map>\n\n\n\n<p class=\"has-medium-font-size\"><\/p>\n\n\n\n<p style=\"color:#142375\" class=\"has-text-color has-medium-font-size\"><p style=\"color:#142375\" class=\"has-text-color has-medium-font-size\" id=\"a1\"><strong><strong>Angebote f\u00fcr<\/strong> <strong>Angebote f\u00fcr Arbeitssuchende und Rehabilitanten<\/strong><\/strong><\/p><\/p>\n<ul>\n    <li>St\u00e4rken- \/ Schw\u00e4chenanalyse\n    <li>Kompetenzbewertung f\u00fcr berufliche Neuorientierung\n    <li>Bewerbungstraining\n    <li>Unterst\u00fctzung in der Arbeitsplatzsuche\n    <li>Entwicklung von Selbstvermarktungsstrategien\n    <li>Assistierte Vermittlung\n    <li>Einzelcoaching\n<\/ul>\n\n\n\n<p style=\"color:#142375\" class=\"has-text-color has-medium-font-size\"><p style=\"color:#142375\" class=\"has-text-color has-medium-font-size\" id=\"a2\"><strong><strong>Angebote f\u00fcr<\/strong> <strong>Sch\u00fcler und Abiturienten<\/strong><\/strong><\/p><\/p>\n<ul>\n    <li>Gestaltung des \u00dcbergangs von Schule zu Beruf und Studium\n    <li>Abgleich der pers\u00f6nlichen Kompetenzen mit den Anforderungen des Berufsbildes\n    <li>Kompetenztraining\n    <li>Vorstellung von Ausbildungs- und Studienm\u00f6glichkeiten\n    <li>Vorstellung von M\u00f6glichkeiten der Freiwilligenarbeit\n<\/ul>\n\n\n\n<p style=\"color:#142375\" class=\"has-text-color has-medium-font-size\"><p style=\"color:#142375\" class=\"has-text-color has-medium-font-size\" id=\"a3\"><strong><strong>Angebote f\u00fcr<\/strong> <strong>Unternehmen und Organisationen<\/strong><\/strong><\/p><\/p>\n<ul>\n\n    <li>Einzel- &#038; Kleingruppencoaching f\u00fcr Arbeitslose\/Arbeitssuchende\n    <li>Entwicklung und Durchf\u00fchrung berufsbegleitender Qualifizierungsangebote f\u00fcr Unternehmen\n    <li>Kompetenzorientierte Entwicklung von Mitarbeitern in Unternehmen\n    <li>Arbeitsplatzorientiertes Einzelcoaching\n\n<\/ul>\n\n\n\n<p style=\"color:#142375\" class=\"has-text-color has-medium-font-size\"><p style=\"color:#142375\" class=\"has-text-color has-medium-font-size\" id=\"a4\"><strong><strong>Angebote f\u00fcr<\/strong> <strong>Selbstst\u00e4ndige und Arbeitnehmer<\/strong><\/strong><\/p><\/p>\n<ul>\n\n   <li> Einzel- &#038; Kleingruppencoaching f\u00fcr Arbeitslose\/Arbeitssuchende\n    <li>Entwicklung und Durchf\u00fchrung berufsbegleitender Qualifizierungsangebote f\u00fcr Unternehmen\n    <li>Kompetenzorientierte Entwicklung von Mitarbeitern in Unternehmen\n   <li> Arbeitsplatzorientiertes Einzelcoaching\n\n<\/ul>\n\n\n\n<p class=\"has-medium-font-size\">   <\/p>\n","protected":false},"excerpt":{"rendered":"<p>Angebote Angebote f\u00fcr Angebote f\u00fcr Arbeitssuchende und Rehabilitanten St\u00e4rken- \/ Schw\u00e4chenanalyse Kompetenzbewertung f\u00fcr berufliche Neuorientierung Bewerbungstraining Unterst\u00fctzung in der Arbeitsplatzsuche Entwicklung von Selbstvermarktungsstrategien Assistierte Vermittlung Einzelcoaching Angebote f\u00fcr Sch\u00fcler und Abiturienten Gestaltung<a class=\"moretag\" href=\"https:\/\/bmg-langer.de\/cmsV3\/?page_id=141\">mehr anzeigen&#8230;<\/a><\/p>\n","protected":false},"author":1,"featured_media":0,"parent":0,"menu_order":0,"comment_status":"closed","ping_status":"closed","template":"page-sidebar.php","meta":{"footnotes":""},"class_list":["post-141","page","type-page","status-publish","hentry"],"_links":{"self":[{"href":"https:\/\/bmg-langer.de\/cmsV3\/index.php?rest_route=\/wp\/v2\/pages\/141","targetHints":{"allow":["GET"]}}],"collection":[{"href":"https:\/\/bmg-langer.de\/cmsV3\/index.php?rest_route=\/wp\/v2\/pages"}],"about":[{"href":"https:\/\/bmg-langer.de\/cmsV3\/index.php?rest_route=\/wp\/v2\/types\/page"}],"author":[{"embeddable":true,"href":"https:\/\/bmg-langer.de\/cmsV3\/index.php?rest_route=\/wp\/v2\/users\/1"}],"replies":[{"embeddable":true,"href":"https:\/\/bmg-langer.de\/cmsV3\/index.php?rest_route=%2Fwp%2Fv2%2Fcomments&post=141"}],"version-history":[{"count":169,"href":"https:\/\/bmg-langer.de\/cmsV3\/index.php?rest_route=\/wp\/v2\/pages\/141\/revisions"}],"predecessor-version":[{"id":4078,"href":"https:\/\/bmg-langer.de\/cmsV3\/index.php?rest_route=\/wp\/v2\/pages\/141\/revisions\/4078"}],"wp:attachment":[{"href":"https:\/\/bmg-langer.de\/cmsV3\/index.php?rest_route=%2Fwp%2Fv2%2Fmedia&parent=141"}],"curies":[{"name":"wp","href":"https:\/\/api.w.org\/{rel}","templated":true}]}}